{"id":1639,"date":"2026-02-27T11:58:29","date_gmt":"2026-02-27T11:58:29","guid":{"rendered":"https:\/\/bricedelgiovane.com\/?page_id=1639"},"modified":"2026-02-27T12:19:25","modified_gmt":"2026-02-27T12:19:25","slug":"politique-de-confidentialite","status":"publish","type":"page","link":"https:\/\/bricedelgiovane.com\/index.php\/politique-de-confidentialite\/","title":{"rendered":"POLITIQUE DE CONFIDENTIALIT\u00c9"},"content":{"rendered":"\t\t<div data-elementor-type=\"wp-page\" data-elementor-id=\"1639\" class=\"elementor elementor-1639\">\n\t\t\t\t<div class=\"elementor-element elementor-element-0df2260 e-con-full e-flex e-con e-parent\" data-id=\"0df2260\" data-element_type=\"container\" data-e-type=\"container\" data-settings=\"{&quot;background_background&quot;:&quot;classic&quot;}\">\n\t\t\t\t<\/div>\n\t\t<div class=\"elementor-element elementor-element-bd79f00 e-con-full e-flex e-con e-parent\" data-id=\"bd79f00\" data-element_type=\"container\" data-e-type=\"container\">\n\t\t<div class=\"elementor-element elementor-element-d4b1cd1 e-con-full e-flex e-con e-child\" data-id=\"d4b1cd1\" data-element_type=\"container\" data-e-type=\"container\" data-settings=\"{&quot;background_background&quot;:&quot;classic&quot;}\">\n\t\t\t\t<div class=\"elementor-element elementor-element-774a4f6 elementor-widget__width-initial elementor-widget-mobile__width-inherit elementor-widget elementor-widget-text-editor\" data-id=\"774a4f6\" data-element_type=\"widget\" data-e-type=\"widget\" data-widget_type=\"text-editor.default\">\n\t\t\t\t\t\t\t\t\t<p><strong>POLITIQUE DE CONFIDENTIALIT\u00c9<\/strong><\/p>\t\t\t\t\t\t\t\t<\/div>\n\t\t\t\t<div class=\"elementor-element elementor-element-28bbc6d elementor-widget__width-initial elementor-widget-mobile__width-inherit elementor-widget elementor-widget-text-editor\" data-id=\"28bbc6d\" data-element_type=\"widget\" data-e-type=\"widget\" data-widget_type=\"text-editor.default\">\n\t\t\t\t\t\t\t\t\t<p>www.bricedelgiovane.com<\/p>\t\t\t\t\t\t\t\t<\/div>\n\t\t\t\t<div class=\"elementor-element elementor-element-c2f370c elementor-widget__width-initial elementor-widget-mobile__width-inherit elementor-widget elementor-widget-text-editor\" data-id=\"c2f370c\" data-element_type=\"widget\" data-e-type=\"widget\" data-widget_type=\"text-editor.default\">\n\t\t\t\t\t\t\t\t\t<p><i>Derni\u00e8re mise \u00e0 jour : 16 f\u00e9vrier 2026<\/i><\/p>\t\t\t\t\t\t\t\t<\/div>\n\t\t\t\t<div class=\"elementor-element elementor-element-86db4af elementor-widget__width-initial elementor-widget-mobile__width-inherit elementor-widget elementor-widget-text-editor\" data-id=\"86db4af\" data-element_type=\"widget\" data-e-type=\"widget\" data-widget_type=\"text-editor.default\">\n\t\t\t\t\t\t\t\t\t<p><strong><span style=\"text-decoration: underline;\"><i>1. Identit\u00e9 du responsable du traitement<\/i><\/span><\/strong><\/p><p>Le site www.bricedelgiovane.com est \u00e9dit\u00e9 par :<\/p><p>Brice Del Giovane \u2013 Entrepreneur individuel \u2013 Chef priv\u00e9<\/p><p>Email : chefbricedelgiovane@gmail.com<\/p><p>En tant qu\u2019\u00e9diteur du site, Brice Del Giovane est responsable du traitement des donn\u00e9es<\/p><p>personnelles collect\u00e9es via le site.<\/p>\t\t\t\t\t\t\t\t<\/div>\n\t\t\t\t<div class=\"elementor-element elementor-element-c83e83e elementor-widget__width-initial elementor-widget-mobile__width-inherit elementor-widget elementor-widget-text-editor\" data-id=\"c83e83e\" data-element_type=\"widget\" data-e-type=\"widget\" data-widget_type=\"text-editor.default\">\n\t\t\t\t\t\t\t\t\t<p><span style=\"text-decoration: underline;\"><strong><i>2. Donn\u00e9es personnelles collect\u00e9es<\/i><\/strong><\/span><\/p><p><em>2.1 Donn\u00e9es fournies volontairement<\/em><\/p><p>Lorsque vous remplissez un formulaire de contact ou effectuez une demande de prestation :<\/p><p>&#8211; Nom et pr\u00e9nom<\/p><p>&#8211; Adresse email<\/p><p>&#8211; Num\u00e9ro de t\u00e9l\u00e9phone<\/p><p>&#8211; Informations relatives \u00e0 votre \u00e9v\u00e9nement (date, lieu, nombre de convives, pr\u00e9f\u00e9rences<\/p><p>alimentaires, etc.)<\/p><p>&#8211; Toute information transmise volontairement dans le message<\/p>\t\t\t\t\t\t\t\t<\/div>\n\t\t\t\t<div class=\"elementor-element elementor-element-131767e elementor-widget__width-initial elementor-widget-mobile__width-inherit elementor-widget elementor-widget-text-editor\" data-id=\"131767e\" data-element_type=\"widget\" data-e-type=\"widget\" data-widget_type=\"text-editor.default\">\n\t\t\t\t\t\t\t\t\t<p><i>2.2 Donn\u00e9es collect\u00e9es automatiquement<\/i><\/p><p>Lors de votre navigation sur le site :<\/p><p>&#8211; Adresse IP<\/p><p>&#8211; Type de navigateur<\/p><p>&#8211; Pages consult\u00e9es<\/p><p>&#8211; Dur\u00e9e de navigation<\/p><p>&#8211; Donn\u00e9es via cookies ou outils de mesure d\u2019audience<\/p>\t\t\t\t\t\t\t\t<\/div>\n\t\t\t\t<div class=\"elementor-element elementor-element-1091bc7 elementor-widget__width-initial elementor-widget-mobile__width-inherit elementor-widget elementor-widget-text-editor\" data-id=\"1091bc7\" data-element_type=\"widget\" data-e-type=\"widget\" data-widget_type=\"text-editor.default\">\n\t\t\t\t\t\t\t\t\t<p><span style=\"text-decoration: underline;\"><strong><i>2.2 Donn\u00e9es collect\u00e9es automatiquement<\/i><\/strong><\/span><\/p><p><i>Lors de votre navigation sur le site :<\/i><\/p><p><i>&#8211; Adresse IP<\/i><\/p><p><i>&#8211; Type de navigateur<\/i><\/p><p><i>&#8211; Pages consult\u00e9es<\/i><\/p><p><i>&#8211; Dur\u00e9e de navigation<\/i><\/p><p><i>&#8211; Donn\u00e9es via cookies ou outils de mesure d\u2019audience<\/i><\/p>\t\t\t\t\t\t\t\t<\/div>\n\t\t\t\t<div class=\"elementor-element elementor-element-a2654cb elementor-widget__width-initial elementor-widget-mobile__width-inherit elementor-widget elementor-widget-text-editor\" data-id=\"a2654cb\" data-element_type=\"widget\" data-e-type=\"widget\" data-widget_type=\"text-editor.default\">\n\t\t\t\t\t\t\t\t\t<p><strong><span style=\"text-decoration: underline;\"><i>3. Finalit\u00e9s du traitement<\/i><\/span><\/strong><\/p><p>Les donn\u00e9es personnelles sont collect\u00e9es pour :<\/p><p>&#8211; R\u00e9pondre aux demandes de contact<\/p><p>&#8211; \u00c9tablir des devis et propositions commerciales<\/p><p>&#8211; Organiser et g\u00e9rer les prestations culinaires<\/p><p>&#8211; Assurer le suivi client<\/p><p>&#8211; Am\u00e9liorer le site internet et analyser sa fr\u00e9quentation<\/p><p>&#8211; Respecter les obligations l\u00e9gales et comptables<\/p>\t\t\t\t\t\t\t\t<\/div>\n\t\t\t\t<div class=\"elementor-element elementor-element-4fffe90 elementor-widget__width-initial elementor-widget-mobile__width-inherit elementor-widget elementor-widget-text-editor\" data-id=\"4fffe90\" data-element_type=\"widget\" data-e-type=\"widget\" data-widget_type=\"text-editor.default\">\n\t\t\t\t\t\t\t\t\t<p><span style=\"text-decoration: underline;\"><strong><i>4. Base l\u00e9gale du traitement<\/i><\/strong><\/span><\/p><p>Les traitements sont fond\u00e9s sur :<\/p><p>&#8211; Le consentement (formulaire de contact, cookies)<\/p><p>&#8211; L\u2019ex\u00e9cution d\u2019un contrat ou de mesures pr\u00e9contractuelles (devis, r\u00e9servation)<\/p><p>&#8211; Le respect d\u2019obligations l\u00e9gales (facturation, comptabilit\u00e9)<\/p>\t\t\t\t\t\t\t\t<\/div>\n\t\t\t\t<div class=\"elementor-element elementor-element-0078599 elementor-widget__width-initial elementor-widget-mobile__width-inherit elementor-widget elementor-widget-text-editor\" data-id=\"0078599\" data-element_type=\"widget\" data-e-type=\"widget\" data-widget_type=\"text-editor.default\">\n\t\t\t\t\t\t\t\t\t<p><em><span style=\"text-decoration: underline;\"><strong>5. Dur\u00e9e de conservation<\/strong><\/span><\/em><\/p><p>Les donn\u00e9es sont conserv\u00e9es :<\/p><p>&#8211; 3 ans \u00e0 compter du dernier contact pour les prospects<\/p><p>&#8211; 10 ans pour les donn\u00e9es li\u00e9es \u00e0 la facturation (obligation comptable)<\/p><p>&#8211; 13 mois maximum pour les cookies<\/p>\t\t\t\t\t\t\t\t<\/div>\n\t\t\t\t<div class=\"elementor-element elementor-element-443ce04 elementor-widget__width-initial elementor-widget-mobile__width-inherit elementor-widget elementor-widget-text-editor\" data-id=\"443ce04\" data-element_type=\"widget\" data-e-type=\"widget\" data-widget_type=\"text-editor.default\">\n\t\t\t\t\t\t\t\t\t<p><span style=\"text-decoration: underline;\"><strong>6. Destinataires des donn\u00e9es<\/strong><\/span><\/p><p><i>Les donn\u00e9es sont exclusivement destin\u00e9es \u00e0 :<\/i><\/p><p>&#8211; Brice Del Giovane<\/p><p>&#8211; Prestataires techniques (h\u00e9bergeur, outils d\u2019analyse, maintenance du site)<\/p><p>&#8211; Prestataires comptables si n\u00e9cessaire<\/p><p>Aucune donn\u00e9e personnelle n\u2019est vendue ni c\u00e9d\u00e9e \u00e0 des tiers.<\/p>\t\t\t\t\t\t\t\t<\/div>\n\t\t\t\t<div class=\"elementor-element elementor-element-5ceab16 elementor-widget__width-initial elementor-widget-mobile__width-inherit elementor-widget elementor-widget-text-editor\" data-id=\"5ceab16\" data-element_type=\"widget\" data-e-type=\"widget\" data-widget_type=\"text-editor.default\">\n\t\t\t\t\t\t\t\t\t<p><span style=\"text-decoration: underline;\"><strong><i>7. Transfert hors Union Europ\u00e9enne<\/i><\/strong><\/span><\/p><p><i>Les donn\u00e9es sont h\u00e9berg\u00e9es au sein de l\u2019Union Europ\u00e9enne.<\/i><\/p><p><i>Si certains outils tiers impliquent un transfert hors UE, ceux-ci respectent les garanties appropri\u00e9es<\/i><\/p><p><i>pr\u00e9vues par le RGPD.<\/i><\/p>\t\t\t\t\t\t\t\t<\/div>\n\t\t\t\t<div class=\"elementor-element elementor-element-72deb13 elementor-widget__width-initial elementor-widget-mobile__width-inherit elementor-widget elementor-widget-text-editor\" data-id=\"72deb13\" data-element_type=\"widget\" data-e-type=\"widget\" data-widget_type=\"text-editor.default\">\n\t\t\t\t\t\t\t\t\t<p><span style=\"text-decoration: underline;\"><strong><i>8. S\u00e9curit\u00e9 des donn\u00e9es<\/i><\/strong><\/span><\/p><p>Des mesures techniques et organisationnelles appropri\u00e9es sont mises en place afin d\u2019assurer la<\/p><p>s\u00e9curit\u00e9 et la confidentialit\u00e9 des donn\u00e9es personnelles et d\u2019emp\u00eacher tout acc\u00e8s non autoris\u00e9, perte<\/p><p>ou divulgation.<\/p>\t\t\t\t\t\t\t\t<\/div>\n\t\t\t\t<div class=\"elementor-element elementor-element-ed0858e elementor-widget__width-initial elementor-widget-mobile__width-inherit elementor-widget elementor-widget-text-editor\" data-id=\"ed0858e\" data-element_type=\"widget\" data-e-type=\"widget\" data-widget_type=\"text-editor.default\">\n\t\t\t\t\t\t\t\t\t<p><span style=\"text-decoration: underline;\"><strong><i>9. Vos droits<\/i><\/strong><\/span><\/p><p><i>Conform\u00e9ment au RGPD, vous disposez des droits suivants :<\/i><\/p><p><i>&#8211; Droit d\u2019acc\u00e8s<\/i><\/p><p><i>&#8211; Droit de rectification<\/i><\/p><p><i>&#8211; Droit d\u2019effacement<\/i><\/p><p><i>&#8211; Droit d\u2019opposition<\/i><\/p><p><i>&#8211; Droit \u00e0 la limitation du traitement<\/i><\/p><p><i>&#8211; Droit \u00e0 la portabilit\u00e9 des donn\u00e9es<\/i><\/p><p><i>Vous pouvez exercer vos droits \u00e0 tout moment en \u00e9crivant \u00e0 :<\/i><\/p><p><i>chefbricedelgiovane@gmail.com<\/i><\/p><p><i>En cas de litige, vous pouvez introduire une r\u00e9clamation aupr\u00e8s de la CNIL (www.cnil.fr).<\/i><\/p>\t\t\t\t\t\t\t\t<\/div>\n\t\t\t\t<div class=\"elementor-element elementor-element-1ed4350 elementor-widget__width-initial elementor-widget-mobile__width-inherit elementor-widget elementor-widget-text-editor\" data-id=\"1ed4350\" data-element_type=\"widget\" data-e-type=\"widget\" data-widget_type=\"text-editor.default\">\n\t\t\t\t\t\t\t\t\t<p><span style=\"text-decoration: underline;\"><strong><i>10. Cookies<\/i><\/strong><\/span><\/p><p><i>Le site peut utiliser des cookies afin :<\/i><\/p><p><i>&#8211; D\u2019am\u00e9liorer l\u2019exp\u00e9rience utilisateur<\/i><\/p><p><i>&#8211; De mesurer l\u2019audience du site<\/i><\/p><p><i>&#8211; D\u2019analyser la navigation<\/i><\/p><p><i>Lors de votre premi\u00e8re visite, une banni\u00e8re vous permet d\u2019accepter, refuser ou param\u00e9trer les<\/i><\/p><p><i>cookies.<\/i><\/p><p><i>Vous pouvez \u00e9galement configurer votre navigateur pour bloquer les cookies.<\/i><\/p>\t\t\t\t\t\t\t\t<\/div>\n\t\t\t\t<div class=\"elementor-element elementor-element-3e62870 elementor-widget__width-initial elementor-widget-mobile__width-inherit elementor-widget elementor-widget-text-editor\" data-id=\"3e62870\" data-element_type=\"widget\" data-e-type=\"widget\" data-widget_type=\"text-editor.default\">\n\t\t\t\t\t\t\t\t\t<p><em><span style=\"text-decoration: underline;\"><strong>11. Modification de la politique<\/strong><\/span><\/em><\/p><p><i>La pr\u00e9sente politique peut \u00eatre modifi\u00e9e \u00e0 tout moment afin de garantir sa conformit\u00e9 avec la<\/i><\/p><p><i>l\u00e9gislation en vigueur.<\/i><\/p><p><i>La date de mise \u00e0 jour figure en haut de cette page.<\/i><\/p>\t\t\t\t\t\t\t\t<\/div>\n\t\t\t\t<div class=\"elementor-element elementor-element-2fa66c4 elementor-widget__width-initial elementor-widget-mobile__width-inherit elementor-widget elementor-widget-image\" data-id=\"2fa66c4\" data-element_type=\"widget\" data-e-type=\"widget\" data-widget_type=\"image.default\">\n\t\t\t\t\t\t\t\t\t\t\t\t\t\t\t<img fetchpriority=\"high\" decoding=\"async\" width=\"2560\" height=\"954\" src=\"https:\/\/bricedelgiovane.com\/wp-content\/uploads\/2025\/12\/LOGO-SIGNATURE-BEIGE-scaled.png\" class=\"attachment-full size-full wp-image-82\" alt=\"\" srcset=\"https:\/\/bricedelgiovane.com\/wp-content\/uploads\/2025\/12\/LOGO-SIGNATURE-BEIGE-scaled.png 2560w, https:\/\/bricedelgiovane.com\/wp-content\/uploads\/2025\/12\/LOGO-SIGNATURE-BEIGE-300x112.png 300w, https:\/\/bricedelgiovane.com\/wp-content\/uploads\/2025\/12\/LOGO-SIGNATURE-BEIGE-1024x382.png 1024w, https:\/\/bricedelgiovane.com\/wp-content\/uploads\/2025\/12\/LOGO-SIGNATURE-BEIGE-768x286.png 768w, https:\/\/bricedelgiovane.com\/wp-content\/uploads\/2025\/12\/LOGO-SIGNATURE-BEIGE-1536x572.png 1536w, https:\/\/bricedelgiovane.com\/wp-content\/uploads\/2025\/12\/LOGO-SIGNATURE-BEIGE-2048x763.png 2048w\" sizes=\"(max-width: 2560px) 100vw, 2560px\" \/>\t\t\t\t\t\t\t\t\t\t\t\t\t\t\t<\/div>\n\t\t\t\t<\/div>\n\t\t\t\t<\/div>\n\t\t\t\t<\/div>\n\t\t","protected":false},"excerpt":{"rendered":"<p>POLITIQUE DE CONFIDENTIALIT\u00c9 www.bricedelgiovane.com Derni\u00e8re mise \u00e0 jour : 16 f\u00e9vrier 2026 1. Identit\u00e9 du responsable du traitement Le site www.bricedelgiovane.com est \u00e9dit\u00e9 par : Brice Del Giovane \u2013 Entrepreneur individuel \u2013 Chef priv\u00e9 Email : chefbricedelgiovane@gmail.com En tant qu\u2019\u00e9diteur du site, Brice Del Giovane est responsable du traitement des donn\u00e9es personnelles collect\u00e9es via le [&hellip;]<\/p>\n","protected":false},"author":1,"featured_media":0,"parent":0,"menu_order":0,"comment_status":"closed","ping_status":"closed","template":"","meta":{"footnotes":""},"class_list":["post-1639","page","type-page","status-publish","hentry"],"_links":{"self":[{"href":"https:\/\/bricedelgiovane.com\/index.php\/wp-json\/wp\/v2\/pages\/1639","targetHints":{"allow":["GET"]}}],"collection":[{"href":"https:\/\/bricedelgiovane.com\/index.php\/wp-json\/wp\/v2\/pages"}],"about":[{"href":"https:\/\/bricedelgiovane.com\/index.php\/wp-json\/wp\/v2\/types\/page"}],"author":[{"embeddable":true,"href":"https:\/\/bricedelgiovane.com\/index.php\/wp-json\/wp\/v2\/users\/1"}],"replies":[{"embeddable":true,"href":"https:\/\/bricedelgiovane.com\/index.php\/wp-json\/wp\/v2\/comments?post=1639"}],"version-history":[{"count":13,"href":"https:\/\/bricedelgiovane.com\/index.php\/wp-json\/wp\/v2\/pages\/1639\/revisions"}],"predecessor-version":[{"id":1655,"href":"https:\/\/bricedelgiovane.com\/index.php\/wp-json\/wp\/v2\/pages\/1639\/revisions\/1655"}],"wp:attachment":[{"href":"https:\/\/bricedelgiovane.com\/index.php\/wp-json\/wp\/v2\/media?parent=1639"}],"curies":[{"name":"wp","href":"https:\/\/api.w.org\/{rel}","templated":true}]}}